{"id":119,"date":"2017-09-28T13:32:37","date_gmt":"2017-09-28T13:32:37","guid":{"rendered":"https:\/\/matchthemes.com\/demowp\/civillaw\/?page_id=119"},"modified":"2023-07-05T17:37:31","modified_gmt":"2023-07-05T21:37:31","slug":"overview","status":"publish","type":"page","link":"https:\/\/garyparklaw.com\/es\/overview\/","title":{"rendered":"Resumen de la Firma"},"content":{"rendered":"<figure class=\"wp-block-image size-full\"><img loading=\"lazy\" width=\"2158\" height=\"1440\" src=\"https:\/\/garyparklaw.com\/wp-content\/uploads\/2020\/03\/qtq50-khhXhF.jpeg\" alt=\"\" class=\"wp-image-327\" srcset=\"https:\/\/garyparklaw.com\/wp-content\/uploads\/2020\/03\/qtq50-khhXhF.jpeg 2158w, https:\/\/garyparklaw.com\/wp-content\/uploads\/2020\/03\/qtq50-khhXhF-300x200.jpeg 300w, https:\/\/garyparklaw.com\/wp-content\/uploads\/2020\/03\/qtq50-khhXhF-1024x683.jpeg 1024w, https:\/\/garyparklaw.com\/wp-content\/uploads\/2020\/03\/qtq50-khhXhF-768x512.jpeg 768w, https:\/\/garyparklaw.com\/wp-content\/uploads\/2020\/03\/qtq50-khhXhF-1536x1025.jpeg 1536w, https:\/\/garyparklaw.com\/wp-content\/uploads\/2020\/03\/qtq50-khhXhF-2048x1367.jpeg 2048w, https:\/\/garyparklaw.com\/wp-content\/uploads\/2020\/03\/qtq50-khhXhF-1600x1068.jpeg 1600w\" sizes=\"(max-width: 2158px) 100vw, 2158px\" \/><\/figure>\n\n\n\n<div class=\"wp-block-columns\">\n<div class=\"wp-block-column\" style=\"flex-basis:35%\">\n<h4><em>Lesiones Personales es Todo lo que Hacemos<\/em><\/h4>\n<\/div>\n\n\n\n<div class=\"wp-block-column\" style=\"flex-basis:65%\">\n<p><strong>THE&nbsp;LAW&nbsp;OFFICES OF GARY S. PARK, P.C. <\/strong>es un muy respetado bufete de abogados \t\t\t\t     nacionales de lesiones personales de demandantes. Nuestra oficina est\u00e1 ubicada en Nueva York pero temenos oficinas asociadas y afiliadas en Nueva Jersey, Connecticut Florida y California. Nuestra especialidad es representar a las comunidades minoritarias en todo el pa\u00eds.<br><\/p>\n\n\n\n<p>M\u00e1s del 98% de nuestros clientes son de comunidades hispanos, asi\u00e1ticos y afroamericanos. Nuestro personal tambi\u00e9n son minor\u00edas y son todos biling\u00fces y nuestro bufete est\u00e1 en una posici\u00f3n \u00fanica para atender las necesidades especiales de estos grupos minoritarios. <\/p>\n\n\n\n<p>Recuerde, solo cobramos un honarario si obtiene una recuperaci\u00f3n.<\/p>\n<\/div>\n<\/div>\n\n\n\n<div style=\"height:60px\" aria-hidden=\"true\" class=\"wp-block-spacer\"><\/div>\n\n\n\n<div class=\"wp-block-columns\">\n<div class=\"wp-block-column\">\n<div class=\"service\"><i class=\"fa fa-bank\"><\/i><\/div>\n\n\n\n<h5 class=\"has-text-align-center\"><strong>Experiencia<\/strong><\/h5>\n\n\n\n<p class=\"has-text-align-center\">Con m\u00e1s de 28 a\u00f1os de habilidad acumulada y una amplia experiencia en el litigio de juicios, las Oficinas Legales de Gary S. Park, P.C. obtendr\u00e1 la m\u00e1xima compensaci\u00f3n monetaria para nuestros clientes. Proporcionamos el m\u00e1s alto est\u00e1ndar y servicio personalizado con la debida diligencia profesional para su caso.<\/p>\n\n\n\n<div style=\"height:30px\" aria-hidden=\"true\" class=\"wp-block-spacer\"><\/div>\n\n\n\n<p><\/p>\n<\/div>\n\n\n\n<div class=\"wp-block-column\">\n<div class=\"service\"><i class=\"fa fa-balance-scale\"><\/i><\/div>\n\n\n\n<h5 class=\"has-text-align-center\"><strong>Profesional<\/strong><\/h5>\n\n\n\n<p class=\"has-text-align-center\">Nuestros clientes son nuestro recurso m\u00e1s valioso. Estar representado por las Oficinas Legales de Gary S. Park, P.C. es m\u00e1s que una simple transacci\u00f3n abogado-cliente. Somos socios en la obtenci\u00f3n del mejor resultado posible. Es el deber de nuestro bufete para comunicarse con rapidez y frecuencia con nuestros clientes en sus casos para que esten conscientes y entiendan cada paso del proceso de litigio. <\/p>\n\n\n\n<div style=\"height:35px\" aria-hidden=\"true\" class=\"wp-block-spacer\"><\/div>\n\n\n\n<p><\/p>\n<\/div>\n\n\n\n<div class=\"wp-block-column\">\n<div class=\"service\"><i class=\"fa fa-gavel\"><\/i><\/div>\n\n\n\n<h5 class=\"has-text-align-center\"><strong>Integridad<\/strong><\/h5>\n\n\n\n<p class=\"has-text-align-center\">Las Oficinas Legales de Gary S. Park, P.C., cree en actuar en el mejor inter\u00e9s de nuestros clientes dentro de los l\u00edmites de la ley. Lo guiaremos y representaremos en cada etapa del litigio de su caso con una verdad completa y honesta. Se lo presentaremos con transparencia profesional. Esta creencia ha sido y ser\u00e1 siempre el fundamento del \u00e9xito de nuestro bufete.&nbsp;<\/p>\n<\/div>\n<\/div>\n\n\n\n<div style=\"height:70px\" aria-hidden=\"true\" class=\"wp-block-spacer\"><\/div>\n\n\n<div style=\"background: #777; padding: 54px; color: #ffffff; margin-top: 54px;\">\n<div class=\"row\">\n<div class=\"col-md-6\">\n<h4 class=\"margin-b16\" style=\"color: #ffffff;\"><strong>Solicite una Evaluaci\u00f3n de Caso Gratis<\/strong><\/h4>\n<p>Estamos aqu\u00ed para ayudar. P\u00eddele a un abogado una consulta gratis.<\/p>\n<\/div>\n<div class=\"col-md-6 alignr\">\n<p><a class=\"view-more white-btn\" href=\"https:\/\/garyparklaw.com\/es\/contact\/\">CONT\u00c1CTENOS<\/a><\/p>\n<\/div>\n<\/div>\n<\/div>","protected":false},"excerpt":{"rendered":"<p>Personal Injury is All We Do THE&nbsp;LAW&nbsp;OFFICES OF GARY S. PARK, P.C. is a well-respected plaintiff\u2019s personal injury&nbsp;law&nbsp;firm. &nbsp;Our office is located in New York but we have associated and affiliated offices in New Jersey, Connecticut, Florida and California. Our specialty is representing the minority communities throughout the country. Over 98% of our clients are from the Spanish, Asian and&#8230;<\/p>","protected":false},"author":1,"featured_media":0,"parent":0,"menu_order":0,"comment_status":"closed","ping_status":"closed","template":"my-templates\/template-fullwidth.php","meta":{"_coblocks_attr":"","_coblocks_dimensions":"","_coblocks_responsive_height":"","_coblocks_accordion_ie_support":""},"_links":{"self":[{"href":"https:\/\/garyparklaw.com\/es\/wp-json\/wp\/v2\/pages\/119"}],"collection":[{"href":"https:\/\/garyparklaw.com\/es\/wp-json\/wp\/v2\/pages"}],"about":[{"href":"https:\/\/garyparklaw.com\/es\/wp-json\/wp\/v2\/types\/page"}],"author":[{"embeddable":true,"href":"https:\/\/garyparklaw.com\/es\/wp-json\/wp\/v2\/users\/1"}],"replies":[{"embeddable":true,"href":"https:\/\/garyparklaw.com\/es\/wp-json\/wp\/v2\/comments?post=119"}],"version-history":[{"count":50,"href":"https:\/\/garyparklaw.com\/es\/wp-json\/wp\/v2\/pages\/119\/revisions"}],"predecessor-version":[{"id":844,"href":"https:\/\/garyparklaw.com\/es\/wp-json\/wp\/v2\/pages\/119\/revisions\/844"}],"wp:attachment":[{"href":"https:\/\/garyparklaw.com\/es\/wp-json\/wp\/v2\/media?parent=119"}],"curies":[{"name":"wp","href":"https:\/\/api.w.org\/{rel}","templated":true}]}}