{"id":116,"date":"2017-09-28T12:59:58","date_gmt":"2017-09-28T12:59:58","guid":{"rendered":"https:\/\/matchthemes.com\/demowp\/civillaw\/?page_id=116"},"modified":"2023-07-05T17:29:32","modified_gmt":"2023-07-05T21:29:32","slug":"verdictsandsettlements","status":"publish","type":"page","link":"https:\/\/garyparklaw.com\/es\/verdictsandsettlements\/","title":{"rendered":"Veredictos y Acuerdos Notables"},"content":{"rendered":"<p>Durante m\u00e1s de 28 a\u00f1os, el Lic. Gary Park, ha trabajado arduamente para representar a las comunidades minoritarias en todo el pa\u00eds para obtener los resultados que merecen por su dolor y sufrimiento. Lo siguiente es una peque\u00f1a muestra de las recuperaciones reales que recibieron nuestros clientes y no una fracci\u00f3n de la cantidad otorgada por un jurado.&nbsp;&nbsp;<\/p>\n\n\n\n<pre class=\"wp-block-verse verselist\">Acuerdo de $4.1 millones recuperado por la muerte injusta de un peat\u00f3n atropellado por un cami\u00f3n. El caso se resolvi\u00f3 en menos de dos (2) a\u00f1os a partir de la fecha del accidente.<\/pre>\n\n\n\n<pre class=\"wp-block-verse verselist\">Acuerdo de $2.9 millones recuperado de un accidente automovil\u00edstico. El cliente era un peat\u00f3n cuyo pie fue atropellado por un autob\u00fas.<br>El caso se resolvi\u00f3 solo 7 meses despu\u00e9s del accidente.<\/pre>\n\n\n\n<pre class=\"wp-block-verse verselist\">Acuerdo de $1.6 millones recuperado contra la MTA cuando un autob\u00fas de la MTA golpe\u00f3 a nuestro cliente peatonal. <br>El cliente sufri\u00f3 fracturas faciales y un trauma psicol\u00f3gico significativo. <br>MTA, despu\u00e9s de a\u00f1os de negaci\u00f3n, finalmente admiti\u00f3 al Sr. Park en una declaraci\u00f3n que el conductor del autob\u00fas fue sancionado por el accidente. El caso se resolvi\u00f3 en el juicio.<\/pre>\n\n\n\n<pre class=\"wp-block-verse verselist\">Acuerdo de $1.4 millones recuperado por un peat\u00f3n atropellado por un coche que gir\u00f3 a la izquierda. El conductor acusado afirm\u00f3 que nunca se hizo contacto. <br>El cliente tuvo una cirug\u00eda de espalda y rodilla.<\/pre>\n\n\n\n<pre class=\"wp-block-verse verselist\">Acuerdo de $1.4 millones recuperado contra la Ciudad de Nueva York cuando un autob\u00fas escolar choc\u00f3 por detr\u00e1s del veh\u00edculo de nuestro cliente.\nNuestro cliente sufri\u00f3 una lesi\u00f3n en el cuello y tuvo una cirug\u00eda.<\/pre>\n\n\n\n<pre class=\"wp-block-verse verselist\">Acuerdo de $1.4 millones recuperado contra una empresa de construcci\u00f3n que realizaba trabajos de demolici\u00f3n cuando nuestro cliente fue golpeado por un port\u00f3n de metal. <br>El cliente tuvo una cirug\u00eda de hombro y una lesi\u00f3n en la cabeza.<\/pre>\n\n\n\n<pre class=\"wp-block-verse verselist\">Acuerdo de $1.1 millones recuperado por la muerte por negligencia de un peat\u00f3n atropellado por un cami\u00f3n. El caso se resolvi\u00f3 en 1 a\u00f1o y 4 meses despu\u00e9s de la fecha del accidente. &nbsp;<\/pre>\n\n\n\n<pre class=\"wp-block-verse verselist\">Acuerdo de $850,000 recuperado en un accidente automovil\u00edstico. El cliente sufri\u00f3 una lesi\u00f3n en el cuello con cirug\u00eda.<\/pre>\n\n\n\n<pre class=\"wp-block-verse verselist\">Acuerdo de $850,000 recuperado en un accidente automovil\u00edstico. El cliente ten\u00eda m\u00faltiples fracturas.<\/pre>\n\n\n\n<pre class=\"wp-block-verse verselist\">Acuerdo de $625,000 recuperado en un accidente de construcci\u00f3n. El cliente tuvo una cirug\u00eda de espalda.<\/pre>\n\n\n\n<pre class=\"wp-block-verse verselist\">Acuerdo de $600,000 recuperado en un accidente de construcci\u00f3n. El cliente tuvo una cirug\u00eda de espalda.<\/pre>\n\n\n\n<pre class=\"wp-block-verse verselist\">Acuerdo de $600,000 recuperado en un accidente de construcci\u00f3n. El cliente ten\u00eda la mano fracturada con cirug\u00eda.<\/pre>\n\n\n\n<pre class=\"wp-block-verse verselist\">Acuerdo de $550,000 recuperado en un accidente automovil\u00edstico. <br>El cliente solo ten\u00eda lesiones por latigazo cervical en los tejidos blandos, pero sufri\u00f3 un trauma psicol\u00f3gico significativo por el accidente.<\/pre>\n\n\n\n<pre class=\"wp-block-verse verselist\">Acuerdo de $550,000 recuperado en un accidente automovil\u00edstico. El cliente sufri\u00f3 una lesi\u00f3n en el cuello que requiri\u00f3 cirug\u00eda.<\/pre>\n\n\n\n<pre class=\"wp-block-verse verselist\">Acuerdo de $500,000 recuperado en un accidente automovil\u00edstico. El cliente sufri\u00f3 una lesi\u00f3n en el cuello con cirug\u00eda del cuello.<\/pre>\n\n\n\n<pre class=\"wp-block-verse verselist\">Acuerdo de $500,000 recuperado cuando nuestro cliente, un ciclista. fue atropellado por otro ciclista entregando comida. <br>Los demandados afirmaron que nuestro cliente no pudo haber sufrido la lesi\u00f3n en el cuello y la cirug\u00eda por el impacto de otra bicicleta. <\/pre>\n\n\n\n<pre class=\"wp-block-verse verselist\">Acuerdo de $500,000 recuperado en un accidente automovil\u00edstico donde nuestro cliente, un peat\u00f3n, fue atropellado por el veh\u00edculo del demandado. <br>El cliente tuvo una lesi\u00f3n en el cuello con cirug\u00eda. <\/pre>\n\n\n\n<pre class=\"wp-block-verse verselist\">Acuerdo de $475,000 recuperado en un accidente automovil\u00edstico. El cliente era un peat\u00f3n que sufri\u00f3 una lesi\u00f3n en el cuello con una cirug\u00eda. <br>El caso se resolvi\u00f3 menos de 2 a\u00f1os despu\u00e9s del accidente.<\/pre>\n\n\n\n<pre class=\"wp-block-verse verselist\">Acuerdo de $427,500 recuperado en un accidente automovil\u00edstico donde nuestro cliente, un ciclista, fue atropellado por un veh\u00edculo de motor. <br>El demandado argument\u00f3 que nuestro cliente estaba montando su bicicleta a una velocidad imprudente. El caso se resolvi\u00f3 2 a\u00f1os despu\u00e9s del accidente.<\/pre>\n\n\n\n<pre class=\"wp-block-verse verselist\">Acuerdo de $400,000 recuperado en un accidente de tropiezo y ca\u00edda donde nuestro cliente, un limpiador, tropez\u00f3 y cay\u00f3 sobre bolsas de basura. <br>El 80% de este tipo de casos se desestiman por falta de aviso, pero pudimos obtener un acuerdo. El cliente sufri\u00f3 lesiones de rodilla y espalda con cirug\u00eda. <\/pre>\n\n\n\n<p>*<em>*DESCARGO DE RESPONSABILIDAD: Los resultados pasados no garantizan que los resultados anteriores se puedan obtener en su caso. Los resultados anteriores son espec\u00edficos a los hechos y circunstancias legales de cada uno de los casos de los clientes y no debe utilizarse para formar una expectativa de que el mismo resultado se podr\u00edan obtener para otros clientes en asuntos similares sin referencia a las circunstancias f\u00e1cticas y legales espec\u00edficas de el caso de cada cliente.<\/em><\/p>","protected":false},"excerpt":{"rendered":"<p>For over 28 years, Gary Park, Esq. has been working hard to represent the minority communities throughout the country to obtain results they deserved for their pain and suffering. The following is a small sample of the actual awards that our clients received and not a fraction of the amount awarded by a jury.&nbsp;&nbsp; $4.1 Million settlement recovered for wrongful&#8230;<\/p>","protected":false},"author":1,"featured_media":118,"parent":0,"menu_order":0,"comment_status":"closed","ping_status":"closed","template":"my-templates\/template-fullwidth.php","meta":{"_coblocks_attr":"","_coblocks_dimensions":"","_coblocks_responsive_height":"","_coblocks_accordion_ie_support":""},"_links":{"self":[{"href":"https:\/\/garyparklaw.com\/es\/wp-json\/wp\/v2\/pages\/116"}],"collection":[{"href":"https:\/\/garyparklaw.com\/es\/wp-json\/wp\/v2\/pages"}],"about":[{"href":"https:\/\/garyparklaw.com\/es\/wp-json\/wp\/v2\/types\/page"}],"author":[{"embeddable":true,"href":"https:\/\/garyparklaw.com\/es\/wp-json\/wp\/v2\/users\/1"}],"replies":[{"embeddable":true,"href":"https:\/\/garyparklaw.com\/es\/wp-json\/wp\/v2\/comments?post=116"}],"version-history":[{"count":50,"href":"https:\/\/garyparklaw.com\/es\/wp-json\/wp\/v2\/pages\/116\/revisions"}],"predecessor-version":[{"id":843,"href":"https:\/\/garyparklaw.com\/es\/wp-json\/wp\/v2\/pages\/116\/revisions\/843"}],"wp:featuredmedia":[{"embeddable":true,"href":"https:\/\/garyparklaw.com\/es\/wp-json\/wp\/v2\/media\/118"}],"wp:attachment":[{"href":"https:\/\/garyparklaw.com\/es\/wp-json\/wp\/v2\/media?parent=116"}],"curies":[{"name":"wp","href":"https:\/\/api.w.org\/{rel}","templated":true}]}}